{"id":38539,"date":"2025-06-04T22:34:32","date_gmt":"2025-06-04T20:34:32","guid":{"rendered":"https:\/\/studentbridge.pl\/?page_id=38539"},"modified":"2026-01-21T20:51:15","modified_gmt":"2026-01-21T19:51:15","slug":"jak-to-dziala","status":"publish","type":"page","link":"https:\/\/studentbridge.pl\/pl\/jak-to-dziala\/","title":{"rendered":"Jak to dzia\u0142a"},"content":{"rendered":"\t\t<div data-elementor-type=\"wp-page\" data-elementor-id=\"38539\" class=\"elementor elementor-38539 elementor-37286\">\n\t\t\t\t<div class=\"elementor-element elementor-element-c975246 e-flex e-con-boxed e-con e-parent\" data-id=\"c975246\" data-element_type=\"container\" data-e-type=\"container\" data-settings=\"{&quot;background_background&quot;:&quot;gradient&quot;}\">\n\t\t\t\t\t<div class=\"e-con-inner\">\n\t\t<div class=\"elementor-element elementor-element-e55c6b2 e-con-full e-flex e-con e-child\" data-id=\"e55c6b2\" data-element_type=\"container\" data-e-type=\"container\">\n\t\t\t\t<div class=\"elementor-element elementor-element-040f52d elementor-invisible elementor-widget elementor-widget-heading\" data-id=\"040f52d\" data-element_type=\"widget\" data-e-type=\"widget\" data-settings=\"{&quot;_animation&quot;:&quot;fadeIn&quot;,&quot;_animation_delay&quot;:50}\" data-widget_type=\"heading.default\">\n\t\t\t\t<div class=\"elementor-widget-container\">\n\t\t\t\t\t<h2 class=\"elementor-heading-title elementor-size-default\">Dowiedz si\u0119&nbsp;jak dzia\u0142a Student Bridge<\/h2>\t\t\t\t<\/div>\n\t\t\t\t<\/div>\n\t\t<div class=\"elementor-element elementor-element-2075047 e-grid e-con-full e-con e-child\" data-id=\"2075047\" data-element_type=\"container\" data-e-type=\"container\">\n\t\t<div class=\"elementor-element elementor-element-79a6f7f e-con-full e-flex e-con e-child\" data-id=\"79a6f7f\" data-element_type=\"container\" data-e-type=\"container\" data-settings=\"{&quot;background_background&quot;:&quot;classic&quot;}\">\n\t\t<div class=\"elementor-element elementor-element-d12da91 e-con-full e-flex e-con e-child\" data-id=\"d12da91\" data-element_type=\"container\" data-e-type=\"container\">\n\t\t\t\t<div class=\"elementor-element elementor-element-515e31f elementor-invisible elementor-widget elementor-widget-heading\" data-id=\"515e31f\" data-element_type=\"widget\" data-e-type=\"widget\" data-settings=\"{&quot;_animation&quot;:&quot;fadeIn&quot;,&quot;_animation_delay&quot;:50}\" data-widget_type=\"heading.default\">\n\t\t\t\t<div class=\"elementor-widget-container\">\n\t\t\t\t\t<h5 class=\"elementor-heading-title elementor-size-default\">Jeste\u015b w\u0142a\u015bcicielem?<\/h5>\t\t\t\t<\/div>\n\t\t\t\t<\/div>\n\t\t\t\t<\/div>\n\t\t<div class=\"elementor-element elementor-element-84d6e00 e-con-full e-flex e-con e-child\" data-id=\"84d6e00\" data-element_type=\"container\" data-e-type=\"container\" data-settings=\"{&quot;background_background&quot;:&quot;classic&quot;}\">\n\t\t\t\t<\/div>\n\t\t<div class=\"elementor-element elementor-element-7cd2a35 e-con-full e-flex e-con e-child\" data-id=\"7cd2a35\" data-element_type=\"container\" data-e-type=\"container\">\n\t\t\t\t<div class=\"elementor-element elementor-element-f1211a1 elementor-widget elementor-widget-heading\" data-id=\"f1211a1\" data-element_type=\"widget\" data-e-type=\"widget\" data-widget_type=\"heading.default\">\n\t\t\t\t<div class=\"elementor-widget-container\">\n\t\t\t\t\t<p class=\"elementor-heading-title elementor-size-default\">\u0141atwo nawi\u0105\u017c kontakt z mi\u0119dzynarodowymi studentami. Dodaj swoj\u0105 nieruchomo\u015b\u0107 i usprawnij ca\u0142y proces wynajmu z pe\u0142nym zaufaniem.<\/p>\t\t\t\t<\/div>\n\t\t\t\t<\/div>\n\t\t\t\t<div class=\"elementor-element elementor-element-cb9dc08 elementor-widget elementor-widget-button\" data-id=\"cb9dc08\" data-element_type=\"widget\" data-e-type=\"widget\" data-widget_type=\"button.default\">\n\t\t\t\t<div class=\"elementor-widget-container\">\n\t\t\t\t\t\t\t\t\t<div class=\"elementor-button-wrapper\">\n\t\t\t\t\t<a class=\"elementor-button elementor-button-link elementor-size-sm\" href=\"https:\/\/studentbridge.pl\/pl\/jak-to-dziala\/dla-wlascicieli\/\">\n\t\t\t\t\t\t<span class=\"elementor-button-content-wrapper\">\n\t\t\t\t\t\t\t\t\t<span class=\"elementor-button-text\">Wi\u0119cej dla w\u0142a\u015bcicieli<\/span>\n\t\t\t\t\t<\/span>\n\t\t\t\t\t<\/a>\n\t\t\t\t<\/div>\n\t\t\t\t\t\t\t\t<\/div>\n\t\t\t\t<\/div>\n\t\t\t\t<\/div>\n\t\t\t\t<\/div>\n\t\t<div class=\"elementor-element elementor-element-a7aa993 e-con-full e-flex e-con e-child\" data-id=\"a7aa993\" data-element_type=\"container\" data-e-type=\"container\" data-settings=\"{&quot;background_background&quot;:&quot;classic&quot;}\">\n\t\t<div class=\"elementor-element elementor-element-48a27c4 e-con-full e-flex e-con e-child\" data-id=\"48a27c4\" data-element_type=\"container\" data-e-type=\"container\">\n\t\t\t\t<div class=\"elementor-element elementor-element-771ba93 elementor-invisible elementor-widget elementor-widget-heading\" data-id=\"771ba93\" data-element_type=\"widget\" data-e-type=\"widget\" data-settings=\"{&quot;_animation&quot;:&quot;fadeIn&quot;,&quot;_animation_delay&quot;:50}\" data-widget_type=\"heading.default\">\n\t\t\t\t<div class=\"elementor-widget-container\">\n\t\t\t\t\t<h5 class=\"elementor-heading-title elementor-size-default\">Jeste\u015b najemc\u0105?<\/h5>\t\t\t\t<\/div>\n\t\t\t\t<\/div>\n\t\t\t\t<\/div>\n\t\t<div class=\"elementor-element elementor-element-f933f98 e-con-full e-flex e-con e-child\" data-id=\"f933f98\" data-element_type=\"container\" data-e-type=\"container\" data-settings=\"{&quot;background_background&quot;:&quot;classic&quot;}\">\n\t\t\t\t<\/div>\n\t\t<div class=\"elementor-element elementor-element-43da059 e-con-full e-flex e-con e-child\" data-id=\"43da059\" data-element_type=\"container\" data-e-type=\"container\">\n\t\t\t\t<div class=\"elementor-element elementor-element-64f39af elementor-widget elementor-widget-heading\" data-id=\"64f39af\" data-element_type=\"widget\" data-e-type=\"widget\" data-widget_type=\"heading.default\">\n\t\t\t\t<div class=\"elementor-widget-container\">\n\t\t\t\t\t<p class=\"elementor-heading-title elementor-size-default\">Znajd\u017a idealne miejsce do \u017cycia podczas studi\u00f3w w Polsce. Przegl\u0105daj zweryfikowane, przyst\u0119pne cenowo oferty w szybki i prosty spos\u00f3b.<\/p>\t\t\t\t<\/div>\n\t\t\t\t<\/div>\n\t\t\t\t<div class=\"elementor-element elementor-element-b9d6d0c elementor-widget elementor-widget-button\" data-id=\"b9d6d0c\" data-element_type=\"widget\" data-e-type=\"widget\" data-widget_type=\"button.default\">\n\t\t\t\t<div class=\"elementor-widget-container\">\n\t\t\t\t\t\t\t\t\t<div class=\"elementor-button-wrapper\">\n\t\t\t\t\t<a class=\"elementor-button elementor-button-link elementor-size-sm\" href=\"https:\/\/studentbridge.pl\/pl\/jak-to-dziala\/dla-najemcow\/\">\n\t\t\t\t\t\t<span class=\"elementor-button-content-wrapper\">\n\t\t\t\t\t\t\t\t\t<span class=\"elementor-button-text\">Wi\u0119cej dla najemc\u00f3w<\/span>\n\t\t\t\t\t<\/span>\n\t\t\t\t\t<\/a>\n\t\t\t\t<\/div>\n\t\t\t\t\t\t\t\t<\/div>\n\t\t\t\t<\/div>\n\t\t\t\t<\/div>\n\t\t\t\t<\/div>\n\t\t\t\t<\/div>\n\t\t\t\t<\/div>\n\t\t\t\t\t<\/div>\n\t\t\t\t<\/div>\n\t\t<div class=\"elementor-element elementor-element-71f0e82 e-flex e-con-boxed e-con e-parent\" data-id=\"71f0e82\" data-element_type=\"container\" data-e-type=\"container\">\n\t\t\t\t\t<div class=\"e-con-inner\">\n\t\t<div class=\"elementor-element elementor-element-91004b7 e-con-full e-flex e-con e-child\" data-id=\"91004b7\" data-element_type=\"container\" data-e-type=\"container\">\n\t\t\t\t<div class=\"elementor-element elementor-element-ed036a1 elementor-invisible elementor-widget elementor-widget-heading\" data-id=\"ed036a1\" data-element_type=\"widget\" data-e-type=\"widget\" data-settings=\"{&quot;_animation&quot;:&quot;fadeIn&quot;,&quot;_animation_delay&quot;:50}\" data-widget_type=\"heading.default\">\n\t\t\t\t<div class=\"elementor-widget-container\">\n\t\t\t\t\t<h2 class=\"elementor-heading-title elementor-size-default\">Opinie<\/h2>\t\t\t\t<\/div>\n\t\t\t\t<\/div>\n\t\t<div class=\"elementor-element elementor-element-b6c3b99 e-grid e-con-full e-con e-child\" data-id=\"b6c3b99\" data-element_type=\"container\" data-e-type=\"container\">\n\t\t\t\t<div class=\"elementor-element elementor-element-5781141 elementor-widget elementor-widget-WpRentals_Testimonial\" data-id=\"5781141\" data-element_type=\"widget\" data-e-type=\"widget\" data-widget_type=\"WpRentals_Testimonial.default\">\n\t\t\t\t<div class=\"elementor-widget-container\">\n\t\t\t\t\t <div class=\"testimonial-container testimonial_type_2\">     <div class=\"testimonial-image\" style=\"background-image:url(https:\/\/hawaii.wprentals.org\/wp-content\/uploads\/2021\/11\/person4.jpg)\"><\/div>     <div class=\"testimonial-author-line\"><span class=\"testimonial-author\"> Gina<\/span><div class=\"testimonial-clas-line\">z Norwegii<\/div><\/div>     <div class=\"testimonial-text\">Doskona\u0142e do\u015bwiadczenie. Doceniam \u017cyczliwo\u015b\u0107 w\u0142a\u015bciciela. Zdecydowanie polec\u0119 to miejsce moim znajomym.<\/div>     <div class=\"testimmonials_starts\"><i class=\"fas fa-star\"><\/i><i class=\"fas fa-star\"><\/i><i class=\"fas fa-star\"><\/i><i class=\"fas fa-star\"><\/i><i class=\"fas fa-star\"><\/i><\/div> <\/div>\t\t\t\t<\/div>\n\t\t\t\t<\/div>\n\t\t\t\t<div class=\"elementor-element elementor-element-41d1fd4 elementor-widget elementor-widget-WpRentals_Testimonial\" data-id=\"41d1fd4\" data-element_type=\"widget\" data-e-type=\"widget\" data-widget_type=\"WpRentals_Testimonial.default\">\n\t\t\t\t<div class=\"elementor-widget-container\">\n\t\t\t\t\t <div class=\"testimonial-container testimonial_type_2\">     <div class=\"testimonial-image\" style=\"background-image:url(https:\/\/hawaii.wprentals.org\/wp-content\/uploads\/2021\/11\/person2.jpg)\"><\/div>     <div class=\"testimonial-author-line\"><span class=\"testimonial-author\"> Jay<\/span><div class=\"testimonial-clas-line\">ze Stan\u00f3w Zjednoczonych<\/div><\/div>     <div class=\"testimonial-text\">Bardzo podoba\u0142o mi si\u0119 to miejsce. Wspania\u0142y w\u0142a\u015bciciel i sprawna obs\u0142uga od pocz\u0105tku do ko\u0144ca.<\/div>     <div class=\"testimmonials_starts\"><i class=\"fas fa-star\"><\/i><i class=\"fas fa-star\"><\/i><i class=\"fas fa-star\"><\/i><i class=\"fas fa-star\"><\/i><i class=\"fas fa-star\"><\/i><\/div> <\/div>\t\t\t\t<\/div>\n\t\t\t\t<\/div>\n\t\t\t\t<div class=\"elementor-element elementor-element-d5430f8 elementor-widget elementor-widget-WpRentals_Testimonial\" data-id=\"d5430f8\" data-element_type=\"widget\" data-e-type=\"widget\" data-widget_type=\"WpRentals_Testimonial.default\">\n\t\t\t\t<div class=\"elementor-widget-container\">\n\t\t\t\t\t <div class=\"testimonial-container testimonial_type_2\">     <div class=\"testimonial-image\" style=\"background-image:url(https:\/\/hawaii.wprentals.org\/wp-content\/uploads\/2021\/11\/agent3_f8f8f8.png)\"><\/div>     <div class=\"testimonial-author-line\"><span class=\"testimonial-author\"> Anna<\/span><div class=\"testimonial-clas-line\">z Portugalii<\/div><\/div>     <div class=\"testimonial-text\">Obawia\u0142am si\u0119 du\u017cej przeprowadzki, ale Student Bridge sprawi\u0142, \u017ce ca\u0142y proces by\u0142 bardzo prosty i da\u0142 mi pewno\u015b\u0107 co do podj\u0119tej decyzji.<\/div>     <div class=\"testimmonials_starts\"><i class=\"fas fa-star\"><\/i><i class=\"fas fa-star\"><\/i><i class=\"fas fa-star\"><\/i><i class=\"fas fa-star\"><\/i><i class=\"fas fa-star\"><\/i><\/div> <\/div>\t\t\t\t<\/div>\n\t\t\t\t<\/div>\n\t\t\t\t<\/div>\n\t\t\t\t<\/div>\n\t\t\t\t\t<\/div>\n\t\t\t\t<\/div>\n\t\t\t\t<\/div>\n\t\t","protected":false},"excerpt":{"rendered":"<p>Dowiedz si\u0119&nbsp;jak dzia\u0142a Student Bridge Jeste\u015b w\u0142a\u015bcicielem? \u0141atwo nawi\u0105\u017c kontakt z mi\u0119dzynarodowymi studentami. Dodaj swoj\u0105 nieruchomo\u015b\u0107 i usprawnij ca\u0142y proces wynajmu z pe\u0142nym zaufaniem. Wi\u0119cej dla w\u0142a\u015bcicieli Jeste\u015b najemc\u0105? Znajd\u017a idealne miejsce do \u017cycia podczas studi\u00f3w w Polsce. Przegl\u0105daj zweryfikowane, przyst\u0119pne cenowo oferty w szybki i prosty spos\u00f3b. Wi\u0119cej dla najemc\u00f3w Opinie Ginaz Norwegii Doskona\u0142e &#8230;<\/p>\n","protected":false},"author":2,"featured_media":0,"parent":0,"menu_order":0,"comment_status":"closed","ping_status":"closed","template":"elementor_theme","meta":{"_acf_changed":false,"inline_featured_image":false,"footnotes":""},"class_list":["post-38539","page","type-page","status-publish","hentry"],"acf":[],"yoast_head":"<!-- This site is optimized with the Yoast SEO plugin v27.1.1 - https:\/\/yoast.com\/product\/yoast-seo-wordpress\/ -->\n<title>Jak to dzia\u0142a - Student Bridge<\/title>\n<meta name=\"robots\" content=\"index, follow, max-snippet:-1, max-image-preview:large, max-video-preview:-1\" \/>\n<link rel=\"canonical\" href=\"https:\/\/studentbridge.pl\/pl\/jak-to-dziala\/\" \/>\n<meta property=\"og:locale\" content=\"pl_PL\" \/>\n<meta property=\"og:type\" content=\"article\" \/>\n<meta property=\"og:title\" content=\"Jak to dzia\u0142a - Student Bridge\" \/>\n<meta property=\"og:description\" content=\"Dowiedz si\u0119&nbsp;jak dzia\u0142a Student Bridge Jeste\u015b w\u0142a\u015bcicielem? \u0141atwo nawi\u0105\u017c kontakt z mi\u0119dzynarodowymi studentami. Dodaj swoj\u0105 nieruchomo\u015b\u0107 i usprawnij ca\u0142y proces wynajmu z pe\u0142nym zaufaniem. Wi\u0119cej dla w\u0142a\u015bcicieli Jeste\u015b najemc\u0105? Znajd\u017a idealne miejsce do \u017cycia podczas studi\u00f3w w Polsce. Przegl\u0105daj zweryfikowane, przyst\u0119pne cenowo oferty w szybki i prosty spos\u00f3b. Wi\u0119cej dla najemc\u00f3w Opinie Ginaz Norwegii Doskona\u0142e ...\" \/>\n<meta property=\"og:url\" content=\"https:\/\/studentbridge.pl\/pl\/jak-to-dziala\/\" \/>\n<meta property=\"og:site_name\" content=\"Student Bridge\" \/>\n<meta property=\"article:publisher\" content=\"https:\/\/www.facebook.com\/profile.php?id=61577294015393\" \/>\n<meta property=\"article:modified_time\" content=\"2026-01-21T19:51:15+00:00\" \/>\n<meta property=\"og:image\" content=\"https:\/\/studentbridge.pl\/wp-content\/uploads\/2025\/08\/bialystok_landscape.jpg\" \/>\n\t<meta property=\"og:image:width\" content=\"2500\" \/>\n\t<meta property=\"og:image:height\" content=\"1406\" \/>\n\t<meta property=\"og:image:type\" content=\"image\/jpeg\" \/>\n<meta name=\"twitter:card\" content=\"summary_large_image\" \/>\n<meta name=\"twitter:label1\" content=\"Szacowany czas czytania\" \/>\n\t<meta name=\"twitter:data1\" content=\"1 minuta\" \/>\n<script type=\"application\/ld+json\" class=\"yoast-schema-graph\">{\"@context\":\"https:\/\/schema.org\",\"@graph\":[{\"@type\":\"WebPage\",\"@id\":\"https:\/\/studentbridge.pl\/pl\/jak-to-dziala\/\",\"url\":\"https:\/\/studentbridge.pl\/pl\/jak-to-dziala\/\",\"name\":\"Jak to dzia\u0142a - Student Bridge\",\"isPartOf\":{\"@id\":\"https:\/\/studentbridge.pl\/pl\/#website\"},\"datePublished\":\"2025-06-04T20:34:32+00:00\",\"dateModified\":\"2026-01-21T19:51:15+00:00\",\"breadcrumb\":{\"@id\":\"https:\/\/studentbridge.pl\/pl\/jak-to-dziala\/#breadcrumb\"},\"inLanguage\":\"pl-PL\",\"potentialAction\":[{\"@type\":\"ReadAction\",\"target\":[\"https:\/\/studentbridge.pl\/pl\/jak-to-dziala\/\"]}]},{\"@type\":\"BreadcrumbList\",\"@id\":\"https:\/\/studentbridge.pl\/pl\/jak-to-dziala\/#breadcrumb\",\"itemListElement\":[{\"@type\":\"ListItem\",\"position\":1,\"name\":\"Home\",\"item\":\"https:\/\/studentbridge.pl\/pl\/\"},{\"@type\":\"ListItem\",\"position\":2,\"name\":\"Jak to dzia\u0142a\"}]},{\"@type\":\"WebSite\",\"@id\":\"https:\/\/studentbridge.pl\/pl\/#website\",\"url\":\"https:\/\/studentbridge.pl\/pl\/\",\"name\":\"Student Bridge\",\"description\":\"Simple rentals for international students in Poland.\",\"publisher\":{\"@id\":\"https:\/\/studentbridge.pl\/pl\/#organization\"},\"potentialAction\":[{\"@type\":\"SearchAction\",\"target\":{\"@type\":\"EntryPoint\",\"urlTemplate\":\"https:\/\/studentbridge.pl\/pl\/?s={search_term_string}\"},\"query-input\":{\"@type\":\"PropertyValueSpecification\",\"valueRequired\":true,\"valueName\":\"search_term_string\"}}],\"inLanguage\":\"pl-PL\"},{\"@type\":\"Organization\",\"@id\":\"https:\/\/studentbridge.pl\/pl\/#organization\",\"name\":\"Student Bridge\",\"url\":\"https:\/\/studentbridge.pl\/pl\/\",\"logo\":{\"@type\":\"ImageObject\",\"inLanguage\":\"pl-PL\",\"@id\":\"https:\/\/studentbridge.pl\/pl\/#\/schema\/logo\/image\/\",\"url\":\"https:\/\/studentbridge.pl\/wp-content\/uploads\/2025\/11\/student_bridge_logo_11.png\",\"contentUrl\":\"https:\/\/studentbridge.pl\/wp-content\/uploads\/2025\/11\/student_bridge_logo_11.png\",\"width\":317,\"height\":78,\"caption\":\"Student Bridge\"},\"image\":{\"@id\":\"https:\/\/studentbridge.pl\/pl\/#\/schema\/logo\/image\/\"},\"sameAs\":[\"https:\/\/www.facebook.com\/profile.php?id=61577294015393\",\"https:\/\/www.linkedin.com\/in\/johnkoladzyn\",\"https:\/\/www.instagram.com\/studentbridgepl\/\"]}]}<\/script>\n<!-- \/ Yoast SEO plugin. -->","yoast_head_json":{"title":"Jak to dzia\u0142a - Student Bridge","robots":{"index":"index","follow":"follow","max-snippet":"max-snippet:-1","max-image-preview":"max-image-preview:large","max-video-preview":"max-video-preview:-1"},"canonical":"https:\/\/studentbridge.pl\/pl\/jak-to-dziala\/","og_locale":"pl_PL","og_type":"article","og_title":"Jak to dzia\u0142a - Student Bridge","og_description":"Dowiedz si\u0119&nbsp;jak dzia\u0142a Student Bridge Jeste\u015b w\u0142a\u015bcicielem? \u0141atwo nawi\u0105\u017c kontakt z mi\u0119dzynarodowymi studentami. Dodaj swoj\u0105 nieruchomo\u015b\u0107 i usprawnij ca\u0142y proces wynajmu z pe\u0142nym zaufaniem. Wi\u0119cej dla w\u0142a\u015bcicieli Jeste\u015b najemc\u0105? Znajd\u017a idealne miejsce do \u017cycia podczas studi\u00f3w w Polsce. Przegl\u0105daj zweryfikowane, przyst\u0119pne cenowo oferty w szybki i prosty spos\u00f3b. Wi\u0119cej dla najemc\u00f3w Opinie Ginaz Norwegii Doskona\u0142e ...","og_url":"https:\/\/studentbridge.pl\/pl\/jak-to-dziala\/","og_site_name":"Student Bridge","article_publisher":"https:\/\/www.facebook.com\/profile.php?id=61577294015393","article_modified_time":"2026-01-21T19:51:15+00:00","og_image":[{"width":2500,"height":1406,"url":"https:\/\/studentbridge.pl\/wp-content\/uploads\/2025\/08\/bialystok_landscape.jpg","type":"image\/jpeg"}],"twitter_card":"summary_large_image","twitter_misc":{"Szacowany czas czytania":"1 minuta"},"schema":{"@context":"https:\/\/schema.org","@graph":[{"@type":"WebPage","@id":"https:\/\/studentbridge.pl\/pl\/jak-to-dziala\/","url":"https:\/\/studentbridge.pl\/pl\/jak-to-dziala\/","name":"Jak to dzia\u0142a - Student Bridge","isPartOf":{"@id":"https:\/\/studentbridge.pl\/pl\/#website"},"datePublished":"2025-06-04T20:34:32+00:00","dateModified":"2026-01-21T19:51:15+00:00","breadcrumb":{"@id":"https:\/\/studentbridge.pl\/pl\/jak-to-dziala\/#breadcrumb"},"inLanguage":"pl-PL","potentialAction":[{"@type":"ReadAction","target":["https:\/\/studentbridge.pl\/pl\/jak-to-dziala\/"]}]},{"@type":"BreadcrumbList","@id":"https:\/\/studentbridge.pl\/pl\/jak-to-dziala\/#breadcrumb","itemListElement":[{"@type":"ListItem","position":1,"name":"Home","item":"https:\/\/studentbridge.pl\/pl\/"},{"@type":"ListItem","position":2,"name":"Jak to dzia\u0142a"}]},{"@type":"WebSite","@id":"https:\/\/studentbridge.pl\/pl\/#website","url":"https:\/\/studentbridge.pl\/pl\/","name":"Student Bridge","description":"Simple rentals for international students in Poland.","publisher":{"@id":"https:\/\/studentbridge.pl\/pl\/#organization"},"potentialAction":[{"@type":"SearchAction","target":{"@type":"EntryPoint","urlTemplate":"https:\/\/studentbridge.pl\/pl\/?s={search_term_string}"},"query-input":{"@type":"PropertyValueSpecification","valueRequired":true,"valueName":"search_term_string"}}],"inLanguage":"pl-PL"},{"@type":"Organization","@id":"https:\/\/studentbridge.pl\/pl\/#organization","name":"Student Bridge","url":"https:\/\/studentbridge.pl\/pl\/","logo":{"@type":"ImageObject","inLanguage":"pl-PL","@id":"https:\/\/studentbridge.pl\/pl\/#\/schema\/logo\/image\/","url":"https:\/\/studentbridge.pl\/wp-content\/uploads\/2025\/11\/student_bridge_logo_11.png","contentUrl":"https:\/\/studentbridge.pl\/wp-content\/uploads\/2025\/11\/student_bridge_logo_11.png","width":317,"height":78,"caption":"Student Bridge"},"image":{"@id":"https:\/\/studentbridge.pl\/pl\/#\/schema\/logo\/image\/"},"sameAs":["https:\/\/www.facebook.com\/profile.php?id=61577294015393","https:\/\/www.linkedin.com\/in\/johnkoladzyn","https:\/\/www.instagram.com\/studentbridgepl\/"]}]}},"_links":{"self":[{"href":"https:\/\/studentbridge.pl\/pl\/wp-json\/wp\/v2\/pages\/38539","targetHints":{"allow":["GET"]}}],"collection":[{"href":"https:\/\/studentbridge.pl\/pl\/wp-json\/wp\/v2\/pages"}],"about":[{"href":"https:\/\/studentbridge.pl\/pl\/wp-json\/wp\/v2\/types\/page"}],"author":[{"embeddable":true,"href":"https:\/\/studentbridge.pl\/pl\/wp-json\/wp\/v2\/users\/2"}],"replies":[{"embeddable":true,"href":"https:\/\/studentbridge.pl\/pl\/wp-json\/wp\/v2\/comments?post=38539"}],"version-history":[{"count":23,"href":"https:\/\/studentbridge.pl\/pl\/wp-json\/wp\/v2\/pages\/38539\/revisions"}],"predecessor-version":[{"id":39383,"href":"https:\/\/studentbridge.pl\/pl\/wp-json\/wp\/v2\/pages\/38539\/revisions\/39383"}],"wp:attachment":[{"href":"https:\/\/studentbridge.pl\/pl\/wp-json\/wp\/v2\/media?parent=38539"}],"curies":[{"name":"wp","href":"https:\/\/api.w.org\/{rel}","templated":true}]}}