{"id":38127,"date":"2015-04-21T13:28:29","date_gmt":"2015-04-21T13:28:29","guid":{"rendered":"https:\/\/studentbridge.pl\/?page_id=38127"},"modified":"2025-12-08T23:21:49","modified_gmt":"2025-12-08T22:21:49","slug":"kontakt","status":"publish","type":"page","link":"https:\/\/studentbridge.pl\/pl\/kontakt\/","title":{"rendered":"Kontakt"},"content":{"rendered":"\t\t<div data-elementor-type=\"wp-page\" data-elementor-id=\"38127\" class=\"elementor elementor-38127 elementor-254\">\n\t\t\t\t<div class=\"elementor-element elementor-element-0dc217a e-flex e-con-boxed e-con e-parent\" data-id=\"0dc217a\" data-element_type=\"container\" data-e-type=\"container\" data-settings=\"{&quot;background_background&quot;:&quot;classic&quot;}\">\n\t\t\t\t\t<div class=\"e-con-inner\">\n\t\t<div class=\"elementor-element elementor-element-0521d5e e-con-full e-flex e-con e-child\" data-id=\"0521d5e\" data-element_type=\"container\" data-e-type=\"container\">\n\t\t\t\t<div class=\"elementor-element elementor-element-358ca87 elementor-invisible elementor-widget elementor-widget-heading\" data-id=\"358ca87\" data-element_type=\"widget\" data-e-type=\"widget\" data-settings=\"{&quot;_animation&quot;:&quot;fadeIn&quot;,&quot;_animation_delay&quot;:50}\" data-widget_type=\"heading.default\">\n\t\t\t\t<div class=\"elementor-widget-container\">\n\t\t\t\t\t<h2 class=\"elementor-heading-title elementor-size-default\">Student Bridge<\/h2>\t\t\t\t<\/div>\n\t\t\t\t<\/div>\n\t\t\t\t<div class=\"elementor-element elementor-element-b4db3d0 elementor-widget elementor-widget-heading\" data-id=\"b4db3d0\" data-element_type=\"widget\" data-e-type=\"widget\" data-widget_type=\"heading.default\">\n\t\t\t\t<div class=\"elementor-widget-container\">\n\t\t\t\t\t<p class=\"elementor-heading-title elementor-size-default\"><strong>John Filip Kolad\u017cyn Student Bridge<\/strong><br><br>NIP:<b> <\/b>5423485680<br><br><br><\/p>\t\t\t\t<\/div>\n\t\t\t\t<\/div>\n\t\t\t\t<div class=\"elementor-element elementor-element-71c4f9e elementor-invisible elementor-widget elementor-widget-heading\" data-id=\"71c4f9e\" data-element_type=\"widget\" data-e-type=\"widget\" data-settings=\"{&quot;_animation&quot;:&quot;fadeIn&quot;,&quot;_animation_delay&quot;:50}\" data-widget_type=\"heading.default\">\n\t\t\t\t<div class=\"elementor-widget-container\">\n\t\t\t\t\t<h2 class=\"elementor-heading-title elementor-size-default\">Kontakt<\/h2>\t\t\t\t<\/div>\n\t\t\t\t<\/div>\n\t\t\t\t<div class=\"elementor-element elementor-element-4b58ccf elementor-widget elementor-widget-heading\" data-id=\"4b58ccf\" data-element_type=\"widget\" data-e-type=\"widget\" data-widget_type=\"heading.default\">\n\t\t\t\t<div class=\"elementor-widget-container\">\n\t\t\t\t\t<p class=\"elementor-heading-title elementor-size-default\"><a href=\"mailto:contact@studentbridge.pl\">contact@studentbridge.pl<\/a><\/p>\t\t\t\t<\/div>\n\t\t\t\t<\/div>\n\t\t\t\t<div class=\"elementor-element elementor-element-4845a25 elementor-widget elementor-widget-heading\" data-id=\"4845a25\" data-element_type=\"widget\" data-e-type=\"widget\" data-widget_type=\"heading.default\">\n\t\t\t\t<div class=\"elementor-widget-container\">\n\t\t\t\t\t<p class=\"elementor-heading-title elementor-size-default\"><a href=\"mailto:contact@studentbridge.pl\">ul. \u015awi\u0119toja\u0144ska 18\/1, 15-277, Bia\u0142ystok<\/a><\/p>\t\t\t\t<\/div>\n\t\t\t\t<\/div>\n\t\t\t\t<div class=\"elementor-element elementor-element-449f930 elementor-widget elementor-widget-heading\" data-id=\"449f930\" data-element_type=\"widget\" data-e-type=\"widget\" data-widget_type=\"heading.default\">\n\t\t\t\t<div class=\"elementor-widget-container\">\n\t\t\t\t\t<p class=\"elementor-heading-title elementor-size-default\"><a href=\"tel:+48797230577\">+48 797 230 577<\/a><\/p>\t\t\t\t<\/div>\n\t\t\t\t<\/div>\n\t\t\t\t<\/div>\n\t\t<div class=\"elementor-element elementor-element-e5764bd e-con-full e-flex e-con e-child\" data-id=\"e5764bd\" data-element_type=\"container\" data-e-type=\"container\" data-settings=\"{&quot;background_background&quot;:&quot;classic&quot;}\">\n\t\t\t\t<div class=\"elementor-element elementor-element-4619b7d elementor-invisible elementor-widget elementor-widget-heading\" data-id=\"4619b7d\" data-element_type=\"widget\" data-e-type=\"widget\" data-settings=\"{&quot;_animation&quot;:&quot;fadeIn&quot;,&quot;_animation_delay&quot;:50}\" data-widget_type=\"heading.default\">\n\t\t\t\t<div class=\"elementor-widget-container\">\n\t\t\t\t\t<h2 class=\"elementor-heading-title elementor-size-default\">Skontaktuj si\u0119 ze Student Bridge<\/h2>\t\t\t\t<\/div>\n\t\t\t\t<\/div>\n\t\t\t\t<div class=\"elementor-element elementor-element-1b110f3 elementor-button-align-stretch elementor-invisible elementor-widget elementor-widget-WpRentals_Contact_Form_Builder\" data-id=\"1b110f3\" data-element_type=\"widget\" data-e-type=\"widget\" data-settings=\"{&quot;_animation&quot;:&quot;fadeIn&quot;,&quot;_animation_delay&quot;:50}\" data-widget_type=\"WpRentals_Contact_Form_Builder.default\">\n\t\t\t\t<div class=\"elementor-widget-container\">\n\t\t\t\t\t\n\n\n\n\n\t\t\t<form class=\"elementor-form wprentals_elementor_form\"  id=\"wprentals-elementor-form-1b110f3\" method=\"post\" >\n            <div id=\"booking_form_request_mess_modal\"><\/div>\n\n            <input name=\"prop_id\" type=\"hidden\"  id=\"contact_form_elementor\" value=\"1\">\n            <input type=\"hidden\" name=\"contact_ajax_nonce\" id=\"agent_property_ajax_nonce\"  value=\"f03d159282\" \/>\n\n            <input type=\"hidden\" id=\"elementor_email_subject\" name=\"email_suject\" value=\"New email from &quot;WpRentals booking theme demo&quot; \" \/>\n            <div class=\"alert-message\" id=\"booking_form_request_mess_elementor\"><\/div>\n            \n\t\t\t\t\t\t<div class=\"elementor-form-fields-wrapper elementor-labels-above\">\n\t\t\t\t\t\t\t\t<div class=\"elementor-field-group elementor-column form-group elementor-field-group-name elementor-col-100\"><label for=\"form-field-name\" class=\"elementor-field-label\">Imi\u0119<\/label><input type=\"text\" name=\"name\" id=\"rentals_contact_builder_name\" class=\"elementor-field form-control elementor-size-sm elementor-field-textual\" placeholder=\"Imi\u0119 i nazwisko\"><\/div><div class=\"elementor-field-group elementor-column form-group elementor-field-group-email elementor-field-required elementor-col-100\"><label for=\"form-field-email\" class=\"elementor-field-label\">Adres e-mail*<\/label><input type=\"email\" name=\"email\" id=\"rentals_contact_builder_email\" class=\"elementor-field form-control elementor-size-sm elementor-field-textual\" required=\"required\" placeholder=\"Adres e-mail\"><\/div><div class=\"elementor-field-group elementor-column form-group elementor-field-group-message elementor-col-100\"><label for=\"form-field-message\" class=\"elementor-field-label\">Wiadomo\u015b\u0107<\/label><textarea class=\"form-control elementor-field-textual elementor-field elementor-size-sm\" name=\"message\" id=\"form-field-message\" rows=\"4\" placeholder=\"Wiadomo\u015b\u0107\"><\/textarea><\/div>\n\t\t\t\t\t\t\t\t<div class=\"elementor-field-group elementor-column elementor-field-type-submit elementor-col-100\">\n\t\t\t\t\t\t\t\t\t\t\t\t\t\t\t\t\t\t<button type=\"submit\" class=\"agent_submit_class_elementor wpresidence_button wprentals_button_elementor elementor-button elementor-size-md\">\n\t\t\t\t\t\t\t\t\t\t\t\t\t\t\t\t\t\t\t\t\t\t\t\tWy\u015blij wiadomo\u015b\u0107\t\t\t\t\t\t\t\t\t\t\t\t\t\t\t\t\t\t\t\t<\/button>\n\n\t\t\t\t\t\t\t\t<\/div>\n\t\t\t\t\t\t<\/div>\n\n\n\n\t\t\t\t<\/form>\n        <script>\n\n            jQuery(document).ready(function() {\n           \n                jQuery('input[name=\"booking_from_date\"]').each(function(){             \n                    var item_parent =   jQuery(this).parent().parent();\n                    var in_date     =   item_parent.find('input[name=\"booking_from_date\"]') .attr('id');\n                    var out_date    =   item_parent.find('input[name=\"booking_to_date\"]') .attr('id');\n                    console.log('in_date : '+in_date +\" out_date \"+out_date);\n                    wpestaste_check_in_out_enable_new(in_date, out_date);\n                    \n                });\n                wprentals_elementor_submit_form();\n            });\n        <\/script>\n\n\n\n    \t\t\t\t<\/div>\n\t\t\t\t<\/div>\n\t\t\t\t<\/div>\n\t\t\t\t\t<\/div>\n\t\t\t\t<\/div>\n\t\t\t\t<\/div>\n\t\t","protected":false},"excerpt":{"rendered":"<p>Student Bridge John Filip Kolad\u017cyn Student Bridge NIP: 5423485680 Kontakt contact@studentbridge.pl ul. \u015awi\u0119toja\u0144ska 18\/1, 15-277, Bia\u0142ystok +48 797 230 577 Skontaktuj si\u0119 ze Student Bridge Imi\u0119Adres e-mail*Wiadomo\u015b\u0107 Wy\u015blij wiadomo\u015b\u0107<\/p>\n","protected":false},"author":1,"featured_media":0,"parent":0,"menu_order":0,"comment_status":"closed","ping_status":"closed","template":"","meta":{"_acf_changed":false,"inline_featured_image":false,"footnotes":""},"class_list":["post-38127","page","type-page","status-publish","hentry"],"acf":[],"yoast_head":"<!-- This site is optimized with the Yoast SEO plugin v27.1.1 - https:\/\/yoast.com\/product\/yoast-seo-wordpress\/ -->\n<title>Kontakt - Student Bridge<\/title>\n<meta name=\"robots\" content=\"index, follow, max-snippet:-1, max-image-preview:large, max-video-preview:-1\" \/>\n<link rel=\"canonical\" href=\"https:\/\/studentbridge.pl\/pl\/kontakt\/\" \/>\n<meta property=\"og:locale\" content=\"pl_PL\" \/>\n<meta property=\"og:type\" content=\"article\" \/>\n<meta property=\"og:title\" content=\"Kontakt - Student Bridge\" \/>\n<meta property=\"og:description\" content=\"Student Bridge John Filip Kolad\u017cyn Student Bridge NIP: 5423485680 Kontakt contact@studentbridge.pl ul. \u015awi\u0119toja\u0144ska 18\/1, 15-277, Bia\u0142ystok +48 797 230 577 Skontaktuj si\u0119 ze Student Bridge Imi\u0119Adres e-mail*Wiadomo\u015b\u0107 Wy\u015blij wiadomo\u015b\u0107\" \/>\n<meta property=\"og:url\" content=\"https:\/\/studentbridge.pl\/pl\/kontakt\/\" \/>\n<meta property=\"og:site_name\" content=\"Student Bridge\" \/>\n<meta property=\"article:publisher\" content=\"https:\/\/www.facebook.com\/profile.php?id=61577294015393\" \/>\n<meta property=\"article:modified_time\" content=\"2025-12-08T22:21:49+00:00\" \/>\n<meta property=\"og:image\" content=\"https:\/\/studentbridge.pl\/wp-content\/uploads\/2025\/08\/bialystok_landscape.jpg\" \/>\n\t<meta property=\"og:image:width\" content=\"2500\" \/>\n\t<meta property=\"og:image:height\" content=\"1406\" \/>\n\t<meta property=\"og:image:type\" content=\"image\/jpeg\" \/>\n<meta name=\"twitter:card\" content=\"summary_large_image\" \/>\n<script type=\"application\/ld+json\" class=\"yoast-schema-graph\">{\"@context\":\"https:\/\/schema.org\",\"@graph\":[{\"@type\":\"WebPage\",\"@id\":\"https:\/\/studentbridge.pl\/pl\/kontakt\/\",\"url\":\"https:\/\/studentbridge.pl\/pl\/kontakt\/\",\"name\":\"Kontakt - Student Bridge\",\"isPartOf\":{\"@id\":\"https:\/\/studentbridge.pl\/pl\/#website\"},\"datePublished\":\"2015-04-21T13:28:29+00:00\",\"dateModified\":\"2025-12-08T22:21:49+00:00\",\"breadcrumb\":{\"@id\":\"https:\/\/studentbridge.pl\/pl\/kontakt\/#breadcrumb\"},\"inLanguage\":\"pl-PL\",\"potentialAction\":[{\"@type\":\"ReadAction\",\"target\":[\"https:\/\/studentbridge.pl\/pl\/kontakt\/\"]}]},{\"@type\":\"BreadcrumbList\",\"@id\":\"https:\/\/studentbridge.pl\/pl\/kontakt\/#breadcrumb\",\"itemListElement\":[{\"@type\":\"ListItem\",\"position\":1,\"name\":\"Home\",\"item\":\"https:\/\/studentbridge.pl\/pl\/\"},{\"@type\":\"ListItem\",\"position\":2,\"name\":\"Kontakt\"}]},{\"@type\":\"WebSite\",\"@id\":\"https:\/\/studentbridge.pl\/pl\/#website\",\"url\":\"https:\/\/studentbridge.pl\/pl\/\",\"name\":\"Student Bridge\",\"description\":\"Simple rentals for international students in Poland.\",\"publisher\":{\"@id\":\"https:\/\/studentbridge.pl\/pl\/#organization\"},\"potentialAction\":[{\"@type\":\"SearchAction\",\"target\":{\"@type\":\"EntryPoint\",\"urlTemplate\":\"https:\/\/studentbridge.pl\/pl\/?s={search_term_string}\"},\"query-input\":{\"@type\":\"PropertyValueSpecification\",\"valueRequired\":true,\"valueName\":\"search_term_string\"}}],\"inLanguage\":\"pl-PL\"},{\"@type\":\"Organization\",\"@id\":\"https:\/\/studentbridge.pl\/pl\/#organization\",\"name\":\"Student Bridge\",\"url\":\"https:\/\/studentbridge.pl\/pl\/\",\"logo\":{\"@type\":\"ImageObject\",\"inLanguage\":\"pl-PL\",\"@id\":\"https:\/\/studentbridge.pl\/pl\/#\/schema\/logo\/image\/\",\"url\":\"https:\/\/studentbridge.pl\/wp-content\/uploads\/2025\/11\/student_bridge_logo_11.png\",\"contentUrl\":\"https:\/\/studentbridge.pl\/wp-content\/uploads\/2025\/11\/student_bridge_logo_11.png\",\"width\":317,\"height\":78,\"caption\":\"Student Bridge\"},\"image\":{\"@id\":\"https:\/\/studentbridge.pl\/pl\/#\/schema\/logo\/image\/\"},\"sameAs\":[\"https:\/\/www.facebook.com\/profile.php?id=61577294015393\",\"https:\/\/www.linkedin.com\/in\/johnkoladzyn\",\"https:\/\/www.instagram.com\/studentbridgepl\/\"]}]}<\/script>\n<!-- \/ Yoast SEO plugin. -->","yoast_head_json":{"title":"Kontakt - Student Bridge","robots":{"index":"index","follow":"follow","max-snippet":"max-snippet:-1","max-image-preview":"max-image-preview:large","max-video-preview":"max-video-preview:-1"},"canonical":"https:\/\/studentbridge.pl\/pl\/kontakt\/","og_locale":"pl_PL","og_type":"article","og_title":"Kontakt - Student Bridge","og_description":"Student Bridge John Filip Kolad\u017cyn Student Bridge NIP: 5423485680 Kontakt contact@studentbridge.pl ul. \u015awi\u0119toja\u0144ska 18\/1, 15-277, Bia\u0142ystok +48 797 230 577 Skontaktuj si\u0119 ze Student Bridge Imi\u0119Adres e-mail*Wiadomo\u015b\u0107 Wy\u015blij wiadomo\u015b\u0107","og_url":"https:\/\/studentbridge.pl\/pl\/kontakt\/","og_site_name":"Student Bridge","article_publisher":"https:\/\/www.facebook.com\/profile.php?id=61577294015393","article_modified_time":"2025-12-08T22:21:49+00:00","og_image":[{"width":2500,"height":1406,"url":"https:\/\/studentbridge.pl\/wp-content\/uploads\/2025\/08\/bialystok_landscape.jpg","type":"image\/jpeg"}],"twitter_card":"summary_large_image","schema":{"@context":"https:\/\/schema.org","@graph":[{"@type":"WebPage","@id":"https:\/\/studentbridge.pl\/pl\/kontakt\/","url":"https:\/\/studentbridge.pl\/pl\/kontakt\/","name":"Kontakt - Student Bridge","isPartOf":{"@id":"https:\/\/studentbridge.pl\/pl\/#website"},"datePublished":"2015-04-21T13:28:29+00:00","dateModified":"2025-12-08T22:21:49+00:00","breadcrumb":{"@id":"https:\/\/studentbridge.pl\/pl\/kontakt\/#breadcrumb"},"inLanguage":"pl-PL","potentialAction":[{"@type":"ReadAction","target":["https:\/\/studentbridge.pl\/pl\/kontakt\/"]}]},{"@type":"BreadcrumbList","@id":"https:\/\/studentbridge.pl\/pl\/kontakt\/#breadcrumb","itemListElement":[{"@type":"ListItem","position":1,"name":"Home","item":"https:\/\/studentbridge.pl\/pl\/"},{"@type":"ListItem","position":2,"name":"Kontakt"}]},{"@type":"WebSite","@id":"https:\/\/studentbridge.pl\/pl\/#website","url":"https:\/\/studentbridge.pl\/pl\/","name":"Student Bridge","description":"Simple rentals for international students in Poland.","publisher":{"@id":"https:\/\/studentbridge.pl\/pl\/#organization"},"potentialAction":[{"@type":"SearchAction","target":{"@type":"EntryPoint","urlTemplate":"https:\/\/studentbridge.pl\/pl\/?s={search_term_string}"},"query-input":{"@type":"PropertyValueSpecification","valueRequired":true,"valueName":"search_term_string"}}],"inLanguage":"pl-PL"},{"@type":"Organization","@id":"https:\/\/studentbridge.pl\/pl\/#organization","name":"Student Bridge","url":"https:\/\/studentbridge.pl\/pl\/","logo":{"@type":"ImageObject","inLanguage":"pl-PL","@id":"https:\/\/studentbridge.pl\/pl\/#\/schema\/logo\/image\/","url":"https:\/\/studentbridge.pl\/wp-content\/uploads\/2025\/11\/student_bridge_logo_11.png","contentUrl":"https:\/\/studentbridge.pl\/wp-content\/uploads\/2025\/11\/student_bridge_logo_11.png","width":317,"height":78,"caption":"Student Bridge"},"image":{"@id":"https:\/\/studentbridge.pl\/pl\/#\/schema\/logo\/image\/"},"sameAs":["https:\/\/www.facebook.com\/profile.php?id=61577294015393","https:\/\/www.linkedin.com\/in\/johnkoladzyn","https:\/\/www.instagram.com\/studentbridgepl\/"]}]}},"_links":{"self":[{"href":"https:\/\/studentbridge.pl\/pl\/wp-json\/wp\/v2\/pages\/38127","targetHints":{"allow":["GET"]}}],"collection":[{"href":"https:\/\/studentbridge.pl\/pl\/wp-json\/wp\/v2\/pages"}],"about":[{"href":"https:\/\/studentbridge.pl\/pl\/wp-json\/wp\/v2\/types\/page"}],"author":[{"embeddable":true,"href":"https:\/\/studentbridge.pl\/pl\/wp-json\/wp\/v2\/users\/1"}],"replies":[{"embeddable":true,"href":"https:\/\/studentbridge.pl\/pl\/wp-json\/wp\/v2\/comments?post=38127"}],"version-history":[{"count":31,"href":"https:\/\/studentbridge.pl\/pl\/wp-json\/wp\/v2\/pages\/38127\/revisions"}],"predecessor-version":[{"id":39129,"href":"https:\/\/studentbridge.pl\/pl\/wp-json\/wp\/v2\/pages\/38127\/revisions\/39129"}],"wp:attachment":[{"href":"https:\/\/studentbridge.pl\/pl\/wp-json\/wp\/v2\/media?parent=38127"}],"curies":[{"name":"wp","href":"https:\/\/api.w.org\/{rel}","templated":true}]}}